{"id":733,"date":"2026-02-11T12:14:20","date_gmt":"2026-02-11T11:14:20","guid":{"rendered":"https:\/\/swwagro.nl\/?page_id=733"},"modified":"2026-02-20T11:24:47","modified_gmt":"2026-02-20T10:24:47","slug":"mesttransport","status":"publish","type":"page","link":"https:\/\/swwagro.nl\/?page_id=733","title":{"rendered":"Mesttransport"},"content":{"rendered":"<h1>Mesttransport<\/h1>\n<h1><span class=\"TextRun MacChromeBold SCXW25399297 BCX0\" lang=\"NL-NL\" xml:lang=\"NL-NL\" data-contrast=\"none\">Mesttransport<\/span><span class=\"LineBreakBlob BlobObject DragDrop SCXW25399297 BCX0\"><span class=\"SCXW25399297 BCX0\">\u00a0<\/span><\/span><\/h1>\n<div>\n<p data-start=\"141\" data-end=\"373\">Als handelaar en vervoerder van mest draagt SWW Agro zorg voor een verantwoord transport van zowel dierlijke als plantaardige meststoffen. <br \/> Daarbij worden herkomst en bestemming zorgvuldig vastgelegd, conform de geldende regelgeving.<\/p>\n<p data-start=\"375\" data-end=\"711\">Wij streven naar een snelle verwerking en tijdige toezending van het Vervoersbewijs Dierlijke Meststoffen (VDM). <br \/> Dit biedt u als klant extra zekerheid en overzicht. Onze mestopleggers beschikken over alle verplichte registraties \u00e9n geijkte weeginstallaties. Eventuele administratieve onjuistheden kunnen tijdig worden gecorrigeerd v\u00f3\u00f3r inzending aan RVO, waardoor u grip houdt op uw mestadministratie en aangevoerde hoeveelheden. <\/p>\n<\/div>\n<p><!--more--><br \/>\n<!-- {\"type\":\"layout\",\"children\":[{\"type\":\"section\",\"props\":{\"image\":\"wp-content\\\/uploads\\\/2026\\\/02\\\/Ding-2.png\",\"image_position\":\"center-center\",\"image_size\":\"cover\",\"media_overlay\":\"rgba(51, 51, 51, 0.5)\",\"padding\":\"large\",\"style\":\"default\",\"text_color\":\"light\",\"title_breakpoint\":\"xl\",\"title_position\":\"top-left\",\"title_rotation\":\"left\",\"vertical_align\":\"\",\"width\":\"default\"},\"children\":[{\"type\":\"row\",\"children\":[{\"type\":\"column\",\"props\":{\"image_position\":\"center-center\",\"position_sticky_breakpoint\":\"m\"},\"children\":[{\"type\":\"headline\",\"props\":{\"content\":\"Mesttransport\",\"title_element\":\"h1\"}}]}]}],\"name\":\"Header\"},{\"type\":\"section\",\"props\":{\"image_position\":\"center-center\",\"padding_remove_top\":true,\"style\":\"default\",\"title_breakpoint\":\"xl\",\"title_position\":\"top-left\",\"title_rotation\":\"left\",\"vertical_align\":\"middle\",\"width\":\"default\"},\"children\":[{\"type\":\"row\",\"children\":[{\"type\":\"column\",\"props\":{\"image_position\":\"center-center\",\"position_sticky_breakpoint\":\"m\"}}]}]},{\"type\":\"section\",\"props\":{\"image_position\":\"center-center\",\"padding\":\"xsmall\",\"padding_remove_bottom\":true,\"style\":\"default\",\"title_breakpoint\":\"xl\",\"title_position\":\"top-left\",\"title_rotation\":\"left\",\"vertical_align\":\"\",\"width\":\"default\"},\"children\":[{\"type\":\"row\",\"children\":[{\"type\":\"column\",\"props\":{\"image_position\":\"center-center\",\"position_sticky_breakpoint\":\"m\"},\"children\":[{\"type\":\"headline\",\"props\":{\"content\":\"<span class=\\\"TextRun MacChromeBold SCXW25399297 BCX0\\\" lang=\\\"NL-NL\\\" xml:lang=\\\"NL-NL\\\" data-contrast=\\\"none\\\">Mesttransport<\\\/span><span class=\\\"LineBreakBlob BlobObject DragDrop SCXW25399297 BCX0\\\"><span class=\\\"SCXW25399297 BCX0\\\">\\u00a0<\\\/span><\\\/span>\",\"title_element\":\"h1\",\"title_style\":\"h3\"}},{\"type\":\"text\",\"props\":{\"column_breakpoint\":\"m\",\"content\":\"\n\n<p data-start=\\\"141\\\" data-end=\\\"373\\\">Als handelaar en vervoerder van mest draagt SWW Agro zorg voor een verantwoord transport van zowel dierlijke als plantaardige meststoffen. <br \/> Daarbij worden herkomst en bestemming zorgvuldig vastgelegd, conform de geldende regelgeving.<\\\/p>\\n\n\n<p data-start=\\\"375\\\" data-end=\\\"711\\\">Wij streven naar een snelle verwerking en tijdige toezending van het Vervoersbewijs Dierlijke Meststoffen (VDM). <br \/> Dit biedt u als klant extra zekerheid en overzicht. Onze mestopleggers beschikken over alle verplichte registraties \\u00e9n geijkte weeginstallaties. Eventuele administratieve onjuistheden kunnen tijdig worden gecorrigeerd v\\u00f3\\u00f3r inzending aan RVO, waardoor u grip houdt op uw mestadministratie en aangevoerde hoeveelheden. <\\\/p>\",\"margin\":\"default\",\"text_color\":\"primary\"}}]}]}],\"name\":\"Mest\"},{\"type\":\"section\",\"props\":{\"image_position\":\"center-center\",\"padding_remove_top\":true,\"style\":\"default\",\"title_breakpoint\":\"xl\",\"title_position\":\"top-left\",\"title_rotation\":\"left\",\"vertical_align\":\"middle\",\"width\":\"default\"},\"children\":[{\"type\":\"row\",\"children\":[{\"type\":\"column\",\"props\":{\"image_position\":\"center-center\",\"position_sticky_breakpoint\":\"m\"}}]}]}],\"version\":\"4.4.16\"} --><\/p>\n","protected":false},"excerpt":{"rendered":"<p>Mesttransport Mesttransport\u00a0 Als handelaar en vervoerder van mest draagt SWW Agro zorg voor een verantwoord transport van zowel dierlijke als plantaardige meststoffen. Daarbij worden herkomst en bestemming zorgvuldig vastgelegd, conform de geldende regelgeving. Wij streven naar een snelle verwerking en tijdige toezending van het Vervoersbewijs Dierlijke Meststoffen (VDM). Dit biedt u als klant extra zekerheid [&hellip;]<\/p>\n","protected":false},"author":3,"featured_media":0,"parent":0,"menu_order":0,"comment_status":"closed","ping_status":"closed","template":"","meta":{"footnotes":""},"class_list":["post-733","page","type-page","status-publish","hentry"],"_links":{"self":[{"href":"https:\/\/swwagro.nl\/index.php?rest_route=\/wp\/v2\/pages\/733","targetHints":{"allow":["GET"]}}],"collection":[{"href":"https:\/\/swwagro.nl\/index.php?rest_route=\/wp\/v2\/pages"}],"about":[{"href":"https:\/\/swwagro.nl\/index.php?rest_route=\/wp\/v2\/types\/page"}],"author":[{"embeddable":true,"href":"https:\/\/swwagro.nl\/index.php?rest_route=\/wp\/v2\/users\/3"}],"replies":[{"embeddable":true,"href":"https:\/\/swwagro.nl\/index.php?rest_route=%2Fwp%2Fv2%2Fcomments&post=733"}],"version-history":[{"count":14,"href":"https:\/\/swwagro.nl\/index.php?rest_route=\/wp\/v2\/pages\/733\/revisions"}],"predecessor-version":[{"id":879,"href":"https:\/\/swwagro.nl\/index.php?rest_route=\/wp\/v2\/pages\/733\/revisions\/879"}],"wp:attachment":[{"href":"https:\/\/swwagro.nl\/index.php?rest_route=%2Fwp%2Fv2%2Fmedia&parent=733"}],"curies":[{"name":"wp","href":"https:\/\/api.w.org\/{rel}","templated":true}]}}